{"id":719,"date":"2016-03-24T12:09:27","date_gmt":"2016-03-24T11:09:27","guid":{"rendered":"http:\/\/peinture.guillaumerist.com\/?page_id=719"},"modified":"2025-10-02T11:07:58","modified_gmt":"2025-10-02T10:07:58","slug":"a-propos","status":"publish","type":"page","link":"https:\/\/guillaumerist.com\/?page_id=719","title":{"rendered":"CV\/EXPOSITIONS"},"content":{"rendered":"<p>[vc_row][vc_column][vc_row_inner][vc_column_inner][vc_column_text]<\/p>\n<h3><strong>EXPOSITIONS<br \/>\n<\/strong><\/h3>\n<p>[\/vc_column_text]<div class=\"clearboth\"><\/div><div class=\"sc-divider\" style=\"border-color: #919191;\"><\/div>[vc_column_text]<\/p>\n<h4><span style=\"color: #808080;\">EXHIBITIONS<\/span><strong><br \/>\n<\/strong><\/h4>\n<p>[\/vc_column_text][\/vc_column_inner][\/vc_row_inner][vc_column_text]<strong><em>Exposition HARMONIE, espace Co42 \/ RentingArt, 2024<\/em><\/strong>[\/vc_column_text][vc_row_inner][vc_column_inner width=\u00a0\u00bb1\/2&Prime;]<div class=\"sc-image sc-wrapbox sc-wrapbox-style-2 rounded-corners sc-wrapbox-position-below\" style=\"\"><div class=\"sc-wrapbox-inner\"><a href=\"https:\/\/guillaumerist.com\/wp-content\/uploads\/2024\/06\/Expo_21.jpg\" class=\"fancybox\"><img class=\"sc-wrapbox-element img-responsive\" src=\"https:\/\/guillaumerist.com\/wp-content\/uploads\/2024\/06\/Expo_21.jpg\" alt=\"\"\/><\/a><\/div><\/div>[\/vc_column_inner][vc_column_inner width=\u00a0\u00bb1\/2&Prime;]<div class=\"sc-image sc-wrapbox sc-wrapbox-style-2 rounded-corners sc-wrapbox-position-below\" style=\"\"><div class=\"sc-wrapbox-inner\"><a href=\"https:\/\/guillaumerist.com\/wp-content\/uploads\/2024\/06\/Expo_20.jpg\" class=\"fancybox\"><img class=\"sc-wrapbox-element img-responsive\" src=\"https:\/\/guillaumerist.com\/wp-content\/uploads\/2024\/06\/Expo_20.jpg\" alt=\"\"\/><\/a><\/div><\/div>[\/vc_column_inner][\/vc_row_inner][vc_column_text]<strong><em>Salon Solid\u2019Art 2023, Carreau du Temple<\/em><\/strong>[\/vc_column_text][vc_row_inner][vc_column_inner width=\u00a0\u00bb1\/2&Prime;]<div class=\"sc-image sc-wrapbox sc-wrapbox-style-2 rounded-corners sc-wrapbox-position-below\" style=\"\"><div class=\"sc-wrapbox-inner\"><a href=\"https:\/\/guillaumerist.com\/wp-content\/uploads\/2024\/06\/Expo_2.jpg\" class=\"fancybox\"><img class=\"sc-wrapbox-element img-responsive\" src=\"https:\/\/guillaumerist.com\/wp-content\/uploads\/2024\/06\/Expo_2.jpg\" alt=\"\"\/><\/a><\/div><\/div>[\/vc_column_inner][vc_column_inner width=\u00a0\u00bb1\/2&Prime;]<div class=\"sc-image sc-wrapbox sc-wrapbox-style-2 rounded-corners sc-wrapbox-position-below\" style=\"\"><div class=\"sc-wrapbox-inner\"><a href=\"https:\/\/guillaumerist.com\/wp-content\/uploads\/2024\/06\/Expo_18.jpg\" class=\"fancybox\"><img class=\"sc-wrapbox-element img-responsive\" src=\"https:\/\/guillaumerist.com\/wp-content\/uploads\/2024\/06\/Expo_18.jpg\" alt=\"\"\/><\/a><\/div><\/div>[\/vc_column_inner][\/vc_row_inner][vc_column_text]<strong><em>Concours ArTalents 2023, Guyancourt<br \/>\n<\/em><\/strong>[\/vc_column_text][vc_row_inner][vc_column_inner width=\u00a0\u00bb1\/2&Prime;]<div class=\"sc-image sc-wrapbox sc-wrapbox-style-2 rounded-corners sc-wrapbox-position-below\" style=\"\"><div class=\"sc-wrapbox-inner\"><a href=\"https:\/\/guillaumerist.com\/wp-content\/uploads\/2024\/06\/Expo_31.jpg\" class=\"fancybox\"><img class=\"sc-wrapbox-element img-responsive\" src=\"https:\/\/guillaumerist.com\/wp-content\/uploads\/2024\/06\/Expo_31.jpg\" alt=\"\"\/><\/a><\/div><\/div>[\/vc_column_inner][vc_column_inner width=\u00a0\u00bb1\/2&Prime;]<div class=\"sc-image sc-wrapbox sc-wrapbox-style-2 rounded-corners sc-wrapbox-position-below\" style=\"\"><div class=\"sc-wrapbox-inner\"><a href=\"https:\/\/guillaumerist.com\/wp-content\/uploads\/2024\/06\/Expo_35.jpg\" class=\"fancybox\"><img class=\"sc-wrapbox-element img-responsive\" src=\"https:\/\/guillaumerist.com\/wp-content\/uploads\/2024\/06\/Expo_35.jpg\" alt=\"\"\/><\/a><\/div><\/div>[\/vc_column_inner][\/vc_row_inner][vc_column_text]<strong><em>Salon des Artistes Fran\u00e7ais 2023, Grand Palais \u00c9ph\u00e9m\u00e8re<\/em><\/strong>[\/vc_column_text][vc_row_inner][vc_column_inner width=\u00a0\u00bb1\/2&Prime;]<div class=\"sc-image sc-wrapbox sc-wrapbox-style-2 rounded-corners sc-wrapbox-position-below\" style=\"\"><div class=\"sc-wrapbox-inner\"><a href=\"https:\/\/guillaumerist.com\/wp-content\/uploads\/2024\/06\/Expo_14.jpg\" class=\"fancybox\"><img class=\"sc-wrapbox-element img-responsive\" src=\"https:\/\/guillaumerist.com\/wp-content\/uploads\/2024\/06\/Expo_14.jpg\" alt=\"\"\/><\/a><\/div><\/div>[\/vc_column_inner][vc_column_inner width=\u00a0\u00bb1\/2&Prime;]<div class=\"sc-image sc-wrapbox sc-wrapbox-style-2 rounded-corners sc-wrapbox-position-below\" style=\"\"><div class=\"sc-wrapbox-inner\"><a href=\"https:\/\/guillaumerist.com\/wp-content\/uploads\/2024\/06\/Expo_9.jpg\" class=\"fancybox\"><img class=\"sc-wrapbox-element img-responsive\" src=\"https:\/\/guillaumerist.com\/wp-content\/uploads\/2024\/06\/Expo_9.jpg\" alt=\"\"\/><\/a><\/div><\/div>[\/vc_column_inner][\/vc_row_inner][vc_column_text]<strong><em>Salon Art Contemporain de Colombes, 2023 \/ 2022<\/em><\/strong>[\/vc_column_text][vc_row_inner][vc_column_inner width=\u00a0\u00bb1\/2&Prime;]<div class=\"sc-image sc-wrapbox sc-wrapbox-style-2 rounded-corners sc-wrapbox-position-below\" style=\"\"><div class=\"sc-wrapbox-inner\"><a href=\"https:\/\/guillaumerist.com\/wp-content\/uploads\/2024\/06\/Expo_19.jpg\" class=\"fancybox\"><img class=\"sc-wrapbox-element img-responsive\" src=\"https:\/\/guillaumerist.com\/wp-content\/uploads\/2024\/06\/Expo_19.jpg\" alt=\"\"\/><\/a><\/div><\/div>[\/vc_column_inner][vc_column_inner width=\u00a0\u00bb1\/2&Prime;]<div class=\"sc-image sc-wrapbox sc-wrapbox-style-2 rounded-corners sc-wrapbox-position-below\" style=\"\"><div class=\"sc-wrapbox-inner\"><a href=\"https:\/\/guillaumerist.com\/wp-content\/uploads\/2024\/06\/Expo_13.jpg\" class=\"fancybox\"><img class=\"sc-wrapbox-element img-responsive\" src=\"https:\/\/guillaumerist.com\/wp-content\/uploads\/2024\/06\/Expo_13.jpg\" alt=\"\"\/><\/a><\/div><\/div>[\/vc_column_inner][\/vc_row_inner][vc_column_text]<strong><em>Salon d\u2019automne de Boulogne-Billancourt, 2022 \/ 2021<br \/>\n<\/em><\/strong>[\/vc_column_text][vc_row_inner][vc_column_inner width=\u00a0\u00bb1\/2&Prime;]<div class=\"sc-image sc-wrapbox sc-wrapbox-style-2 rounded-corners sc-wrapbox-position-below\" style=\"\"><div class=\"sc-wrapbox-inner\"><a href=\"https:\/\/guillaumerist.com\/wp-content\/uploads\/2024\/06\/Expo_11.jpg\" class=\"fancybox\"><img class=\"sc-wrapbox-element img-responsive\" src=\"https:\/\/guillaumerist.com\/wp-content\/uploads\/2024\/06\/Expo_11.jpg\" alt=\"\"\/><\/a><\/div><\/div>[\/vc_column_inner][vc_column_inner width=\u00a0\u00bb1\/2&Prime;]<div class=\"sc-image sc-wrapbox sc-wrapbox-style-2 rounded-corners sc-wrapbox-position-below\" style=\"\"><div class=\"sc-wrapbox-inner\"><a href=\"https:\/\/guillaumerist.com\/wp-content\/uploads\/2024\/06\/Expo_7.jpg\" class=\"fancybox\"><img class=\"sc-wrapbox-element img-responsive\" src=\"https:\/\/guillaumerist.com\/wp-content\/uploads\/2024\/06\/Expo_7.jpg\" alt=\"\"\/><\/a><\/div><\/div>[\/vc_column_inner][\/vc_row_inner][vc_row_inner][vc_column_inner width=\u00a0\u00bb1\/2&Prime;][vc_column_text]<strong><em>Salon des Artistes Fran\u00e7ais 2022, Grand Palais \u00c9ph\u00e9m\u00e8re<\/em><\/strong>[\/vc_column_text]<div class=\"sc-image sc-wrapbox sc-wrapbox-style-2 rounded-corners sc-wrapbox-position-below\" style=\"\"><div class=\"sc-wrapbox-inner\"><a href=\"https:\/\/guillaumerist.com\/wp-content\/uploads\/2024\/06\/Expo_8.jpg\" class=\"fancybox\"><img class=\"sc-wrapbox-element img-responsive\" src=\"https:\/\/guillaumerist.com\/wp-content\/uploads\/2024\/06\/Expo_8.jpg\" alt=\"\"\/><\/a><\/div><\/div>[\/vc_column_inner][vc_column_inner width=\u00a0\u00bb1\/2&Prime;][vc_column_text]<strong><em>Salon d\u2019Automne de Paris, La Villette, 2022<\/em><\/strong>[\/vc_column_text]<div class=\"sc-image sc-wrapbox sc-wrapbox-style-2 rounded-corners sc-wrapbox-position-below\" style=\"\"><div class=\"sc-wrapbox-inner\"><a href=\"https:\/\/guillaumerist.com\/wp-content\/uploads\/2024\/06\/Expo_27.jpg\" class=\"fancybox\"><img class=\"sc-wrapbox-element img-responsive\" src=\"https:\/\/guillaumerist.com\/wp-content\/uploads\/2024\/06\/Expo_27.jpg\" alt=\"\"\/><\/a><\/div><\/div>[\/vc_column_inner][\/vc_row_inner][vc_column_text]<strong><em>Salon Solid\u2019Art 2022, Carreau du Temple<\/em><\/strong>[\/vc_column_text][vc_row_inner][vc_column_inner width=\u00a0\u00bb1\/2&Prime;]<div class=\"sc-image sc-wrapbox sc-wrapbox-style-2 rounded-corners sc-wrapbox-position-below\" style=\"\"><div class=\"sc-wrapbox-inner\"><img class=\"sc-wrapbox-element img-responsive\" src=\"https:\/\/guillaumerist.com\/wp-content\/uploads\/2024\/06\/Expo_25.jpg\" alt=\"\"\/><\/div><\/div><div class=\"sc-image sc-wrapbox sc-wrapbox-style-default rounded-corners sc-wrapbox-position-below\" style=\"\"><div class=\"sc-wrapbox-inner\"><a href=\"https:\/\/guillaumerist.com\/wp-content\/uploads\/2024\/06\/Expo_24.jpg\" class=\"fancybox\"><img class=\"sc-wrapbox-element img-responsive\" src=\"https:\/\/guillaumerist.com\/wp-content\/uploads\/2024\/06\/Expo_24.jpg\" alt=\"\"\/><\/a><\/div><\/div>[\/vc_column_inner][vc_column_inner width=\u00a0\u00bb1\/2&Prime;]<div class=\"sc-image sc-wrapbox sc-wrapbox-style-2 rounded-corners sc-wrapbox-position-below\" style=\"\"><div class=\"sc-wrapbox-inner\"><img class=\"sc-wrapbox-element img-responsive\" src=\"https:\/\/guillaumerist.com\/wp-content\/uploads\/2024\/06\/Expo_22.jpg\" alt=\"\"\/><\/div><\/div><div class=\"sc-image sc-wrapbox sc-wrapbox-style-2 rounded-corners sc-wrapbox-position-below\" style=\"\"><div class=\"sc-wrapbox-inner\"><img class=\"sc-wrapbox-element img-responsive\" src=\"https:\/\/guillaumerist.com\/wp-content\/uploads\/2024\/06\/Expo_23.jpg\" alt=\"\"\/><\/div><\/div>[\/vc_column_inner][\/vc_row_inner][vc_column_text]<strong><em>Salon d\u2019Automne de Paris, 2021<\/em><\/strong>[\/vc_column_text][vc_row_inner][vc_column_inner width=\u00a0\u00bb1\/2&Prime;]<div class=\"sc-image sc-wrapbox sc-wrapbox-style-2 rounded-corners sc-wrapbox-position-below\" style=\"\"><div class=\"sc-wrapbox-inner\"><img class=\"sc-wrapbox-element img-responsive\" src=\"https:\/\/guillaumerist.com\/wp-content\/uploads\/2024\/06\/Expo_6.jpg\" alt=\"\"\/><\/div><\/div>[\/vc_column_inner][vc_column_inner width=\u00a0\u00bb1\/2&Prime;]<div class=\"sc-image sc-wrapbox sc-wrapbox-style-2 rounded-corners sc-wrapbox-position-below\" style=\"\"><div class=\"sc-wrapbox-inner\"><img class=\"sc-wrapbox-element img-responsive\" src=\"https:\/\/guillaumerist.com\/wp-content\/uploads\/2024\/06\/Expo_3.jpg\" alt=\"\"\/><\/div><\/div>[\/vc_column_inner][vc_column_inner][\/vc_column_inner][\/vc_row_inner][\/vc_column][\/vc_row][vc_row][vc_column]<div class=\"sc-textbox rounded-corners\"  style=\"\"><div class=\"sc-textbox-content\" style=\"background-position: center top;\">[vc_column_text]<\/p>\n<h3>PARCOURS<\/h3>\n<p>[\/vc_column_text]<div class=\"clearboth\"><\/div><div class=\"sc-divider\" style=\"border-color: #919191;\"><\/div>[vc_column_text]<\/p>\n<h4><span style=\"color: #808080;\">CAREER PATH<\/span><\/h4>\n<p>[\/vc_column_text][vc_column_text]Exposition ArTalents, Guyancourt, 2025.<br \/>\nExposition \u00ab\u00a0Colors &amp; Lines\u00a0\u00bb, Galerie 3F, 2024<br \/>\nExposition HARMONIE, espace Co42\/RentingArt, 2024.<br \/>\nSalon Art Contemporain de Colombes, 2023.<br \/>\nConcours ArTalents, Guyancourt, 2023.<br \/>\nSalon Solid\u2019Art 2023, Carreau du Temple.<br \/>\nExposition \u00ab\u00a0Week-end pour l\u2019Art\u00a0\u00bb, Marly le Roi, 2023.<br \/>\nSalon des Artistes Fran\u00e7ais, Grand Palais \u00c9ph\u00e9m\u00e8re, 2023.<br \/>\nSalon d\u2019Automne de Paris, La Villette, 2022.<br \/>\nSalon des Artistes Fran\u00e7ais, Art en capital, 2022.<br \/>\nSalon d\u2019automne de Boulogne-Billancourt, 2022.<br \/>\nCercle des Artistes de Paris, 2022.<br \/>\nSalon Solid\u2019Art 2022, Carreau du Temple.<br \/>\nSalon Art Contemporain de Colombes, 2022.<br \/>\nSalon d\u2019Automne de Paris, 2021.<br \/>\nSalon des Arts de St-Maurice, 2021.<br \/>\nSalon d\u2019automne de Boulogne-Billancourt, 2021.<br \/>\nSalon des Artistes Fran\u00e7ais, 2021.<br \/>\nSalon du Cercle Artistique d\u2019Antony, 2021.<br \/>\nSalon d\u2019Automne de Paris, 2020.<br \/>\nExposition \u00abD\u00e9structuralisme figuratif\u00bb, Parc floral 2020.<br \/>\nSalon d\u2019Art Maison Alfort, 2020.<br \/>\nArtoth\u00e8que de St-Maur des Foss\u00e9s, 2019.<br \/>\nAteliers portes ouvertes, 2019.<br \/>\nSalon des Arts de St-Maurice, 2018.<br \/>\nSalon d\u2019automne de Boulogne-Billancourt, 2017.<br \/>\nArtistes &amp; partages, 2017.<br \/>\nL\u2019art en promenade, 2017.<br \/>\nMA St-Germain en Laye, 2017.<br \/>\nSalon d\u2019automne de Boulogne-Billancourt, 2016.<br \/>\nSalon des artistes du Val de Marne, 2016.<br \/>\nSalon des arts plastiques de St-Denis, 2016.<br \/>\nJourn\u00e9e de l\u2019Art St-Maur, 2016.<br \/>\nGMAC Paris Bastille, 2016.<\/p>\n<p>M\u00e9rite artistique &#8211; Luxembourg Art Prize 2020 \/ 2021<br \/>\nPrix du jury Salon d&rsquo;automne de Boulogne-Billancourt 2016<br \/>\nNomin\u00e9 Palm Art 2019<\/p>\n<h5><span style=\"color: #ff9900;\">EXP\u00c9RIENCES PROFESSIONNELLES<\/span><\/h5>\n<p>DIRECTEUR ARTISTIQUE<br \/>\nau sein d\u2019Agences de Communication-\u00c9dition<br \/>\nDESIGNER GRAPHIQUE ind\u00e9pendant<br \/>\nExp\u00e9rience professionnelle dans la communication graphique et l\u2019illustration<span style=\"color: #d6d6d6;\"><br \/>\n<\/span><\/p>\n<h5><span style=\"color: #ff9900;\">ETUDES<\/span><\/h5>\n<p>Ecole d\u2019Art Maryse Eloy<br \/>\nPr\u00e9pa aux concours des \u00e9coles sup\u00e9rieures d\u2019art<\/p>\n<p>ESDI Ecole Sup\u00e9rieure de Design Industriel<br \/>\nDipl\u00f4me de l\u2019ESDI \/ sp\u00e9cialisation design graphique<\/p>\n<hr \/>\n<p>Inscrit \u00e0 la Maison des Artistes<\/p>\n<p>&nbsp;<\/p>\n<h5><\/h5>\n<p>[\/vc_column_text]<\/div><\/div>[\/vc_column][\/vc_row]<\/p>\n","protected":false},"excerpt":{"rendered":"<p>[vc_row][vc_column][vc_row_inner][vc_column_inner][vc_column_text] EXPOSITIONS [\/vc_column_text][vc_column_text] EXHIBITIONS [\/vc_column_text][\/vc_column_inner][\/vc_row_inner][vc_column_text]Exposition HARMONIE, espace Co42 \/ RentingArt, 2024[\/vc_column_text][vc_row_inner][vc_column_inner width=\u00a0\u00bb1\/2&Prime;][\/vc_column_inner][vc_column_inner width=\u00a0\u00bb1\/2&Prime;][\/vc_column_inner][\/vc_row_inner][vc_column_text]Salon Solid\u2019Art 2023, Carreau du Temple[\/vc_column_text][vc_row_inner][vc_column_inner width=\u00a0\u00bb1\/2&Prime;][\/vc_column_inner][vc_column_inner width=\u00a0\u00bb1\/2&Prime;][\/vc_column_inner][\/vc_row_inner][vc_column_text]Concours&#8230;<\/p>\n","protected":false},"author":1,"featured_media":0,"parent":0,"menu_order":0,"comment_status":"closed","ping_status":"closed","template":"","meta":[],"_links":{"self":[{"href":"https:\/\/guillaumerist.com\/index.php?rest_route=\/wp\/v2\/pages\/719"}],"collection":[{"href":"https:\/\/guillaumerist.com\/index.php?rest_route=\/wp\/v2\/pages"}],"about":[{"href":"https:\/\/guillaumerist.com\/index.php?rest_route=\/wp\/v2\/types\/page"}],"author":[{"embeddable":true,"href":"https:\/\/guillaumerist.com\/index.php?rest_route=\/wp\/v2\/users\/1"}],"replies":[{"embeddable":true,"href":"https:\/\/guillaumerist.com\/index.php?rest_route=%2Fwp%2Fv2%2Fcomments&post=719"}],"version-history":[{"count":165,"href":"https:\/\/guillaumerist.com\/index.php?rest_route=\/wp\/v2\/pages\/719\/revisions"}],"predecessor-version":[{"id":11287,"href":"https:\/\/guillaumerist.com\/index.php?rest_route=\/wp\/v2\/pages\/719\/revisions\/11287"}],"wp:attachment":[{"href":"https:\/\/guillaumerist.com\/index.php?rest_route=%2Fwp%2Fv2%2Fmedia&parent=719"}],"curies":[{"name":"wp","href":"https:\/\/api.w.org\/{rel}","templated":true}]}}